{"id":1215,"date":"2020-03-13T20:24:09","date_gmt":"2020-03-13T23:24:09","guid":{"rendered":"http:\/\/stagio.com.br\/old\/?page_id=1215"},"modified":"2023-05-24T22:20:08","modified_gmt":"2023-05-25T01:20:08","slug":"design-de-produtos","status":"publish","type":"page","link":"http:\/\/stagio.com.br\/old\/design-de-produtos\/","title":{"rendered":"Design de Produtos"},"content":{"rendered":"\t\t<div data-elementor-type=\"wp-post\" data-elementor-id=\"1215\" class=\"elementor elementor-1215\" data-elementor-post-type=\"page\">\n\t\t\t\t\t\t\t\t\t<section class=\"elementor-section elementor-top-section elementor-element elementor-element-78b046f0 elementor-section-boxed elementor-section-height-default elementor-section-height-default\" data-id=\"78b046f0\" data-element_type=\"section\">\n\t\t\t\t\t\t<div class=\"elementor-container elementor-column-gap-default\">\n\t\t\t\t\t<div class=\"elementor-column elementor-col-100 elementor-top-column elementor-element elementor-element-409f9915\" data-id=\"409f9915\" data-element_type=\"column\">\n\t\t\t<div class=\"elementor-widget-wrap elementor-element-populated\">\n\t\t\t\t\t\t\t\t<div class=\"elementor-element elementor-element-7c902491 elementor-widget elementor-widget-heading\" data-id=\"7c902491\" data-element_type=\"widget\" data-widget_type=\"heading.default\">\n\t\t\t\t<div class=\"elementor-widget-container\">\n\t\t\t<h1 class=\"elementor-heading-title elementor-size-default\">Design de Produtos<\/h1>\t\t<\/div>\n\t\t\t\t<\/div>\n\t\t\t\t\t<\/div>\n\t\t<\/div>\n\t\t\t\t\t\t\t<\/div>\n\t\t<\/section>\n\t\t\t\t<section class=\"elementor-section elementor-top-section elementor-element elementor-element-fbcb26f elementor-section-boxed elementor-section-height-default elementor-section-height-default\" data-id=\"fbcb26f\" data-element_type=\"section\">\n\t\t\t\t\t\t<div class=\"elementor-container elementor-column-gap-default\">\n\t\t\t\t\t<div class=\"elementor-column elementor-col-100 elementor-top-column elementor-element elementor-element-68b3e6f\" data-id=\"68b3e6f\" data-element_type=\"column\">\n\t\t\t<div class=\"elementor-widget-wrap elementor-element-populated\">\n\t\t\t\t\t\t\t\t<section class=\"elementor-section elementor-inner-section elementor-element elementor-element-db8a33a elementor-section-boxed elementor-section-height-default elementor-section-height-default\" data-id=\"db8a33a\" data-element_type=\"section\">\n\t\t\t\t\t\t<div class=\"elementor-container elementor-column-gap-default\">\n\t\t\t\t\t<div class=\"elementor-column elementor-col-50 elementor-inner-column elementor-element elementor-element-5d03e5d\" data-id=\"5d03e5d\" data-element_type=\"column\">\n\t\t\t<div class=\"elementor-widget-wrap elementor-element-populated\">\n\t\t\t\t\t\t\t\t<div class=\"elementor-element elementor-element-9fea747 elementor-widget elementor-widget-image\" data-id=\"9fea747\" data-element_type=\"widget\" data-widget_type=\"image.default\">\n\t\t\t\t<div class=\"elementor-widget-container\">\n\t\t\t\t\t\t\t\t\t\t\t\t\t\t\t<img decoding=\"async\" width=\"300\" height=\"300\" src=\"http:\/\/stagio.com.br\/old\/wp-content\/uploads\/design-de-produtos-icones-site-01-300x300.png\" class=\"attachment-thumbnail size-thumbnail wp-image-1107\" alt=\"\" loading=\"lazy\" srcset=\"http:\/\/stagio.com.br\/old\/wp-content\/uploads\/design-de-produtos-icones-site-01-300x300.png 300w, http:\/\/stagio.com.br\/old\/wp-content\/uploads\/design-de-produtos-icones-site-01-600x600.png 600w, http:\/\/stagio.com.br\/old\/wp-content\/uploads\/design-de-produtos-icones-site-01-768x768.png 768w, http:\/\/stagio.com.br\/old\/wp-content\/uploads\/design-de-produtos-icones-site-01-1200x1200.png 1200w, http:\/\/stagio.com.br\/old\/wp-content\/uploads\/elementor\/thumbs\/design-de-produtos-icones-site-01-oorgeogbsx27e3igxdhtpgvuakntu5uf7wc707b5xs.png 200w, http:\/\/stagio.com.br\/old\/wp-content\/uploads\/design-de-produtos-icones-site-01.png 1250w\" sizes=\"(max-width: 300px) 100vw, 300px\" \/>\t\t\t\t\t\t\t\t\t\t\t\t\t\t\t<\/div>\n\t\t\t\t<\/div>\n\t\t\t\t\t<\/div>\n\t\t<\/div>\n\t\t\t\t<div class=\"elementor-column elementor-col-50 elementor-inner-column elementor-element elementor-element-c2f4cad\" data-id=\"c2f4cad\" data-element_type=\"column\">\n\t\t\t<div class=\"elementor-widget-wrap elementor-element-populated\">\n\t\t\t\t\t\t\t\t<div class=\"elementor-element elementor-element-c7cd2d8 elementor-widget elementor-widget-text-editor\" data-id=\"c7cd2d8\" data-element_type=\"widget\" data-widget_type=\"text-editor.default\">\n\t\t\t\t<div class=\"elementor-widget-container\">\n\t\t\t\t\t\t\t<p>\u00c9 um direito exclusivo tempor\u00e1rio concedido a um novo design de um objeto, de uma interface gr\u00e1fica de um programa de computador ou de um padr\u00e3o ornamental aplicado a qualquer produto com identidade visual pr\u00f3pria e distintiva de tal modo a se diferenciar no mercado.<br \/>Com essa prote\u00e7\u00e3o, o titular tem o direito de impedir terceiros de fabricar, comercializar, usar ou importar produtos com o design criado.<\/p>\t\t\t\t\t\t<\/div>\n\t\t\t\t<\/div>\n\t\t\t\t\t<\/div>\n\t\t<\/div>\n\t\t\t\t\t\t\t<\/div>\n\t\t<\/section>\n\t\t\t\t\t<\/div>\n\t\t<\/div>\n\t\t\t\t\t\t\t<\/div>\n\t\t<\/section>\n\t\t\t\t<section class=\"elementor-section elementor-top-section elementor-element elementor-element-d3d0b21 elementor-section-boxed elementor-section-height-default elementor-section-height-default\" data-id=\"d3d0b21\" data-element_type=\"section\">\n\t\t\t\t\t\t<div class=\"elementor-container elementor-column-gap-default\">\n\t\t\t\t\t<div class=\"elementor-column elementor-col-50 elementor-top-column elementor-element elementor-element-fe472c2\" data-id=\"fe472c2\" data-element_type=\"column\">\n\t\t\t<div class=\"elementor-widget-wrap elementor-element-populated\">\n\t\t\t\t\t\t\t\t<div class=\"elementor-element elementor-element-35ed541 elementor-widget elementor-widget-heading\" data-id=\"35ed541\" data-element_type=\"widget\" data-widget_type=\"heading.default\">\n\t\t\t\t<div class=\"elementor-widget-container\">\n\t\t\t<h1 class=\"elementor-heading-title elementor-size-default\">N\u00f3s podemos te ajudar!<\/h1>\t\t<\/div>\n\t\t\t\t<\/div>\n\t\t\t\t\t<\/div>\n\t\t<\/div>\n\t\t\t\t<div class=\"elementor-column elementor-col-50 elementor-top-column elementor-element elementor-element-6736e91\" data-id=\"6736e91\" data-element_type=\"column\">\n\t\t\t<div class=\"elementor-widget-wrap elementor-element-populated\">\n\t\t\t\t\t\t\t\t<div class=\"elementor-element elementor-element-df94ac9 elementor-align-left elementor-widget elementor-widget-button\" data-id=\"df94ac9\" data-element_type=\"widget\" data-widget_type=\"button.default\">\n\t\t\t\t<div class=\"elementor-widget-container\">\n\t\t\t\t\t<div class=\"elementor-button-wrapper\">\n\t\t\t<a class=\"elementor-button elementor-button-link elementor-size-xs\" href=\"http:\/\/stagio.com.br\/proteja-seu-design\/\" target=\"_blank\">\n\t\t\t\t\t\t<span class=\"elementor-button-content-wrapper\">\n\t\t\t\t\t\t<span class=\"elementor-button-text\">Clique aqui<\/span>\n\t\t<\/span>\n\t\t\t\t\t<\/a>\n\t\t<\/div>\n\t\t\t\t<\/div>\n\t\t\t\t<\/div>\n\t\t\t\t\t<\/div>\n\t\t<\/div>\n\t\t\t\t\t\t\t<\/div>\n\t\t<\/section>\n\t\t\t\t<section class=\"elementor-section elementor-top-section elementor-element elementor-element-e3b7c00 elementor-section-boxed elementor-section-height-default elementor-section-height-default\" data-id=\"e3b7c00\" data-element_type=\"section\">\n\t\t\t\t\t\t<div class=\"elementor-container elementor-column-gap-default\">\n\t\t\t\t\t<div class=\"elementor-column elementor-col-100 elementor-top-column elementor-element elementor-element-83519e4\" data-id=\"83519e4\" data-element_type=\"column\">\n\t\t\t<div class=\"elementor-widget-wrap elementor-element-populated\">\n\t\t\t\t\t\t\t\t<div class=\"elementor-element elementor-element-6686020 elementor-widget elementor-widget-spacer\" data-id=\"6686020\" data-element_type=\"widget\" data-widget_type=\"spacer.default\">\n\t\t\t\t<div class=\"elementor-widget-container\">\n\t\t\t\t\t<div class=\"elementor-spacer\">\n\t\t\t<div class=\"elementor-spacer-inner\"><\/div>\n\t\t<\/div>\n\t\t\t\t<\/div>\n\t\t\t\t<\/div>\n\t\t\t\t\t<\/div>\n\t\t<\/div>\n\t\t\t\t\t\t\t<\/div>\n\t\t<\/section>\n\t\t\t\t\t\t\t<\/div>\n\t\t","protected":false},"excerpt":{"rendered":"<p>\u00c9 um direito exclusivo tempor\u00e1rio concedido a um novo design de um objeto, de uma interface gr\u00e1fica de um programa de computador ou de um padr\u00e3o ornamental aplicado a qualquer produto com identidade visual pr\u00f3pria e distintiva de tal modo a se diferenciar no mercado.Com essa prote\u00e7\u00e3o, o titular tem o direito de impedir terceiros [&hellip;]<\/p>\n","protected":false},"author":3,"featured_media":0,"parent":0,"menu_order":0,"comment_status":"closed","ping_status":"closed","template":"","meta":{"_mi_skip_tracking":false,"_exactmetrics_sitenote_active":false,"_exactmetrics_sitenote_note":"","_exactmetrics_sitenote_category":0,"_uf_show_specific_survey":0,"_uf_disable_surveys":false},"yoast_head":"<!-- This site is optimized with the Yoast SEO plugin v21.2 - https:\/\/yoast.com\/wordpress\/plugins\/seo\/ -->\n<title>Design de Produtos - Stagio PI - Marcas e Patentes<\/title>\n<meta name=\"description\" content=\"Design de Produtos \u00e9 um direito exclusivo tempor\u00e1rio concedido a um novo design de um objeto, de uma interface gr\u00e1fica de um programa de computador ou de um padr\u00e3o ornamental\" \/>\n<meta name=\"robots\" content=\"index, follow, max-snippet:-1, max-image-preview:large, max-video-preview:-1\" \/>\n<link rel=\"canonical\" href=\"http:\/\/stagio.com.br\/old\/design-de-produtos\/\" \/>\n<meta property=\"og:locale\" content=\"pt_BR\" \/>\n<meta property=\"og:type\" content=\"article\" \/>\n<meta property=\"og:title\" content=\"Design de Produtos - Stagio PI - Marcas e Patentes\" \/>\n<meta property=\"og:description\" content=\"Design de Produtos \u00e9 um direito exclusivo tempor\u00e1rio concedido a um novo design de um objeto, de uma interface gr\u00e1fica de um programa de computador ou de um padr\u00e3o ornamental\" \/>\n<meta property=\"og:url\" content=\"http:\/\/stagio.com.br\/old\/design-de-produtos\/\" \/>\n<meta property=\"og:site_name\" content=\"Stagio PI - Marcas e Patentes\" \/>\n<meta property=\"article:modified_time\" content=\"2023-05-25T01:20:08+00:00\" \/>\n<meta property=\"og:image\" content=\"http:\/\/stagio.com.br\/old\/wp-content\/uploads\/design-de-produtos-icones-site-01-300x300.png\" \/>\n<meta name=\"twitter:card\" content=\"summary_large_image\" \/>\n<script type=\"application\/ld+json\" class=\"yoast-schema-graph\">{\"@context\":\"https:\/\/schema.org\",\"@graph\":[{\"@type\":\"WebPage\",\"@id\":\"http:\/\/stagio.com.br\/old\/design-de-produtos\/\",\"url\":\"http:\/\/stagio.com.br\/old\/design-de-produtos\/\",\"name\":\"Design de Produtos - Stagio PI - Marcas e Patentes\",\"isPartOf\":{\"@id\":\"http:\/\/stagio.com.br\/old\/#website\"},\"datePublished\":\"2020-03-13T23:24:09+00:00\",\"dateModified\":\"2023-05-25T01:20:08+00:00\",\"description\":\"Design de Produtos \u00e9 um direito exclusivo tempor\u00e1rio concedido a um novo design de um objeto, de uma interface gr\u00e1fica de um programa de computador ou de um padr\u00e3o ornamental\",\"breadcrumb\":{\"@id\":\"http:\/\/stagio.com.br\/old\/design-de-produtos\/#breadcrumb\"},\"inLanguage\":\"pt-BR\",\"potentialAction\":[{\"@type\":\"ReadAction\",\"target\":[\"http:\/\/stagio.com.br\/old\/design-de-produtos\/\"]}]},{\"@type\":\"BreadcrumbList\",\"@id\":\"http:\/\/stagio.com.br\/old\/design-de-produtos\/#breadcrumb\",\"itemListElement\":[{\"@type\":\"ListItem\",\"position\":1,\"name\":\"In\u00edcio\",\"item\":\"http:\/\/stagio.com.br\/old\/\"},{\"@type\":\"ListItem\",\"position\":2,\"name\":\"Design de Produtos\"}]},{\"@type\":\"WebSite\",\"@id\":\"http:\/\/stagio.com.br\/old\/#website\",\"url\":\"http:\/\/stagio.com.br\/old\/\",\"name\":\"Stagio Propriedade Itelectual\",\"description\":\"Transformamos ideias em riquezas\",\"publisher\":{\"@id\":\"http:\/\/stagio.com.br\/old\/#organization\"},\"potentialAction\":[{\"@type\":\"SearchAction\",\"target\":{\"@type\":\"EntryPoint\",\"urlTemplate\":\"http:\/\/stagio.com.br\/old\/?s={search_term_string}\"},\"query-input\":\"required name=search_term_string\"}],\"inLanguage\":\"pt-BR\"},{\"@type\":\"Organization\",\"@id\":\"http:\/\/stagio.com.br\/old\/#organization\",\"name\":\"Stagio Propriedade Intelectual\",\"url\":\"http:\/\/stagio.com.br\/old\/\",\"logo\":{\"@type\":\"ImageObject\",\"inLanguage\":\"pt-BR\",\"@id\":\"http:\/\/stagio.com.br\/old\/#\/schema\/logo\/image\/\",\"url\":\"http:\/\/stagio.com.br\/old\/wp-content\/uploads\/cropped-logo-stagio-01.png\",\"contentUrl\":\"http:\/\/stagio.com.br\/old\/wp-content\/uploads\/cropped-logo-stagio-01.png\",\"width\":1250,\"height\":500,\"caption\":\"Stagio Propriedade Intelectual\"},\"image\":{\"@id\":\"http:\/\/stagio.com.br\/old\/#\/schema\/logo\/image\/\"},\"sameAs\":[\"https:\/\/www.linkedin.com\/company\/stagio-propriedade-intelectual\/\"]}]}<\/script>\n<!-- \/ Yoast SEO plugin. -->","yoast_head_json":{"title":"Design de Produtos - Stagio PI - Marcas e Patentes","description":"Design de Produtos \u00e9 um direito exclusivo tempor\u00e1rio concedido a um novo design de um objeto, de uma interface gr\u00e1fica de um programa de computador ou de um padr\u00e3o ornamental","robots":{"index":"index","follow":"follow","max-snippet":"max-snippet:-1","max-image-preview":"max-image-preview:large","max-video-preview":"max-video-preview:-1"},"canonical":"http:\/\/stagio.com.br\/old\/design-de-produtos\/","og_locale":"pt_BR","og_type":"article","og_title":"Design de Produtos - Stagio PI - Marcas e Patentes","og_description":"Design de Produtos \u00e9 um direito exclusivo tempor\u00e1rio concedido a um novo design de um objeto, de uma interface gr\u00e1fica de um programa de computador ou de um padr\u00e3o ornamental","og_url":"http:\/\/stagio.com.br\/old\/design-de-produtos\/","og_site_name":"Stagio PI - Marcas e Patentes","article_modified_time":"2023-05-25T01:20:08+00:00","og_image":[{"url":"http:\/\/stagio.com.br\/old\/wp-content\/uploads\/design-de-produtos-icones-site-01-300x300.png"}],"twitter_card":"summary_large_image","schema":{"@context":"https:\/\/schema.org","@graph":[{"@type":"WebPage","@id":"http:\/\/stagio.com.br\/old\/design-de-produtos\/","url":"http:\/\/stagio.com.br\/old\/design-de-produtos\/","name":"Design de Produtos - Stagio PI - Marcas e Patentes","isPartOf":{"@id":"http:\/\/stagio.com.br\/old\/#website"},"datePublished":"2020-03-13T23:24:09+00:00","dateModified":"2023-05-25T01:20:08+00:00","description":"Design de Produtos \u00e9 um direito exclusivo tempor\u00e1rio concedido a um novo design de um objeto, de uma interface gr\u00e1fica de um programa de computador ou de um padr\u00e3o ornamental","breadcrumb":{"@id":"http:\/\/stagio.com.br\/old\/design-de-produtos\/#breadcrumb"},"inLanguage":"pt-BR","potentialAction":[{"@type":"ReadAction","target":["http:\/\/stagio.com.br\/old\/design-de-produtos\/"]}]},{"@type":"BreadcrumbList","@id":"http:\/\/stagio.com.br\/old\/design-de-produtos\/#breadcrumb","itemListElement":[{"@type":"ListItem","position":1,"name":"In\u00edcio","item":"http:\/\/stagio.com.br\/old\/"},{"@type":"ListItem","position":2,"name":"Design de Produtos"}]},{"@type":"WebSite","@id":"http:\/\/stagio.com.br\/old\/#website","url":"http:\/\/stagio.com.br\/old\/","name":"Stagio Propriedade Itelectual","description":"Transformamos ideias em riquezas","publisher":{"@id":"http:\/\/stagio.com.br\/old\/#organization"},"potentialAction":[{"@type":"SearchAction","target":{"@type":"EntryPoint","urlTemplate":"http:\/\/stagio.com.br\/old\/?s={search_term_string}"},"query-input":"required name=search_term_string"}],"inLanguage":"pt-BR"},{"@type":"Organization","@id":"http:\/\/stagio.com.br\/old\/#organization","name":"Stagio Propriedade Intelectual","url":"http:\/\/stagio.com.br\/old\/","logo":{"@type":"ImageObject","inLanguage":"pt-BR","@id":"http:\/\/stagio.com.br\/old\/#\/schema\/logo\/image\/","url":"http:\/\/stagio.com.br\/old\/wp-content\/uploads\/cropped-logo-stagio-01.png","contentUrl":"http:\/\/stagio.com.br\/old\/wp-content\/uploads\/cropped-logo-stagio-01.png","width":1250,"height":500,"caption":"Stagio Propriedade Intelectual"},"image":{"@id":"http:\/\/stagio.com.br\/old\/#\/schema\/logo\/image\/"},"sameAs":["https:\/\/www.linkedin.com\/company\/stagio-propriedade-intelectual\/"]}]}},"_links":{"self":[{"href":"http:\/\/stagio.com.br\/old\/wp-json\/wp\/v2\/pages\/1215"}],"collection":[{"href":"http:\/\/stagio.com.br\/old\/wp-json\/wp\/v2\/pages"}],"about":[{"href":"http:\/\/stagio.com.br\/old\/wp-json\/wp\/v2\/types\/page"}],"author":[{"embeddable":true,"href":"http:\/\/stagio.com.br\/old\/wp-json\/wp\/v2\/users\/3"}],"replies":[{"embeddable":true,"href":"http:\/\/stagio.com.br\/old\/wp-json\/wp\/v2\/comments?post=1215"}],"version-history":[{"count":14,"href":"http:\/\/stagio.com.br\/old\/wp-json\/wp\/v2\/pages\/1215\/revisions"}],"predecessor-version":[{"id":2554,"href":"http:\/\/stagio.com.br\/old\/wp-json\/wp\/v2\/pages\/1215\/revisions\/2554"}],"wp:attachment":[{"href":"http:\/\/stagio.com.br\/old\/wp-json\/wp\/v2\/media?parent=1215"}],"curies":[{"name":"wp","href":"https:\/\/api.w.org\/{rel}","templated":true}]}}