{"id":95,"date":"2018-11-08T21:01:49","date_gmt":"2018-11-08T23:01:49","guid":{"rendered":"https:\/\/ceaj.studiopreview.site\/?page_id=95"},"modified":"2023-05-24T22:20:48","modified_gmt":"2023-05-25T01:20:48","slug":"nosso-proposito","status":"publish","type":"page","link":"http:\/\/stagio.com.br\/old\/nosso-proposito\/","title":{"rendered":"Prop\u00f3sito"},"content":{"rendered":"\t\t<div data-elementor-type=\"wp-post\" data-elementor-id=\"95\" class=\"elementor elementor-95\" data-elementor-post-type=\"page\">\n\t\t\t\t\t\t\t\t\t<section class=\"elementor-section elementor-top-section elementor-element elementor-element-77fb1e16 elementor-section-boxed elementor-section-height-default elementor-section-height-default\" data-id=\"77fb1e16\" data-element_type=\"section\">\n\t\t\t\t\t\t<div class=\"elementor-container elementor-column-gap-default\">\n\t\t\t\t\t<div class=\"elementor-column elementor-col-100 elementor-top-column elementor-element elementor-element-54589d38\" data-id=\"54589d38\" data-element_type=\"column\">\n\t\t\t<div class=\"elementor-widget-wrap elementor-element-populated\">\n\t\t\t\t\t\t\t\t<div class=\"elementor-element elementor-element-28ae7aaa elementor-widget elementor-widget-heading\" data-id=\"28ae7aaa\" data-element_type=\"widget\" data-widget_type=\"heading.default\">\n\t\t\t\t<div class=\"elementor-widget-container\">\n\t\t\t<h1 class=\"elementor-heading-title elementor-size-default\">Nosso Prop\u00f3sito<\/h1>\t\t<\/div>\n\t\t\t\t<\/div>\n\t\t\t\t\t<\/div>\n\t\t<\/div>\n\t\t\t\t\t\t\t<\/div>\n\t\t<\/section>\n\t\t\t\t<section class=\"elementor-section elementor-top-section elementor-element elementor-element-21616139 elementor-section-height-min-height elementor-section-items-stretch elementor-section-boxed elementor-section-height-default\" data-id=\"21616139\" data-element_type=\"section\">\n\t\t\t\t\t\t<div class=\"elementor-container elementor-column-gap-default\">\n\t\t\t\t\t<div class=\"elementor-column elementor-col-100 elementor-top-column elementor-element elementor-element-2abb450d\" data-id=\"2abb450d\" data-element_type=\"column\">\n\t\t\t<div class=\"elementor-widget-wrap elementor-element-populated\">\n\t\t\t\t\t\t\t\t<div class=\"elementor-element elementor-element-ab12495 elementor-widget elementor-widget-heading\" data-id=\"ab12495\" data-element_type=\"widget\" data-widget_type=\"heading.default\">\n\t\t\t\t<div class=\"elementor-widget-container\">\n\t\t\t<h2 class=\"elementor-heading-title elementor-size-default\">Inspiramos e Orientamos para o Desenvolvimento<br>de um Ecossistema Prospero<\/h2>\t\t<\/div>\n\t\t\t\t<\/div>\n\t\t\t\t<div class=\"elementor-element elementor-element-5fcab73 elementor-widget elementor-widget-text-editor\" data-id=\"5fcab73\" data-element_type=\"widget\" data-widget_type=\"text-editor.default\">\n\t\t\t\t<div class=\"elementor-widget-container\">\n\t\t\t\t\t\t\t<p>Na Stagio, nossa conex\u00e3o est\u00e1 diretamente ligada a pessoas que buscam <strong>envolvimento<\/strong> e <strong>seguran\u00e7a<\/strong>.<br \/>Partindo desse objetivo, n\u00f3s orientamos nossos clientes de maneira \u00fanica atrav\u00e9s de uma equipe humana, criativa, especializada, dedicada, com ampla experi\u00eancia na prote\u00e7\u00e3o e gest\u00e3o da propriedade intelectual no Brasil e no Exterior. Fazemos nosso trabalho com olhar sist\u00eamico que entrela\u00e7a os desejos do cliente \u00e0 nossa estrat\u00e9gia de prote\u00e7\u00e3o e valoriza\u00e7\u00e3o das suas cria\u00e7\u00f5es intelectuais.<\/p><p>Estamos conectados com startups, pequenas, m\u00e9dias e grandes empresas, de diversos segmentos, da ind\u00fastria, com\u00e9rcio e servi\u00e7os.<\/p><p>Somos Alfaiates da PI, sob medida n\u00f3s orientamos nossos clientes de maneira \u00fanica com olhar sist\u00eamico, que entrela\u00e7a os desejos do cliente \u00e0 nossa estrat\u00e9gia de prote\u00e7\u00e3o e valoriza\u00e7\u00e3o das suas cria\u00e7\u00f5es intelectuais; porque para cada neg\u00f3cio a prote\u00e7\u00e3o intelectual tem um prop\u00f3sito!<\/p><p>Boas ideias precisam de movimentos transformadores! <strong>Permita-se. Conecte-se<\/strong> conosco !<\/p>\t\t\t\t\t\t<\/div>\n\t\t\t\t<\/div>\n\t\t\t\t\t<\/div>\n\t\t<\/div>\n\t\t\t\t\t\t\t<\/div>\n\t\t<\/section>\n\t\t\t\t<section class=\"elementor-section elementor-top-section elementor-element elementor-element-5843f0b elementor-section-boxed elementor-section-height-default elementor-section-height-default\" data-id=\"5843f0b\" data-element_type=\"section\">\n\t\t\t\t\t\t<div class=\"elementor-container elementor-column-gap-default\">\n\t\t\t\t\t<div class=\"elementor-column elementor-col-100 elementor-top-column elementor-element elementor-element-f80039d\" data-id=\"f80039d\" data-element_type=\"column\">\n\t\t\t<div class=\"elementor-widget-wrap elementor-element-populated\">\n\t\t\t\t\t\t\t\t<div class=\"elementor-element elementor-element-6a3615e elementor-widget elementor-widget-heading\" data-id=\"6a3615e\" data-element_type=\"widget\" data-widget_type=\"heading.default\">\n\t\t\t\t<div class=\"elementor-widget-container\">\n\t\t\t<h2 class=\"elementor-heading-title elementor-size-default\">Valores<\/h2>\t\t<\/div>\n\t\t\t\t<\/div>\n\t\t\t\t<div class=\"elementor-element elementor-element-d4c477a elementor-align-left elementor-icon-list--layout-traditional elementor-list-item-link-full_width elementor-widget elementor-widget-icon-list\" data-id=\"d4c477a\" data-element_type=\"widget\" data-widget_type=\"icon-list.default\">\n\t\t\t\t<div class=\"elementor-widget-container\">\n\t\t\t\t\t<ul class=\"elementor-icon-list-items\">\n\t\t\t\t\t\t\t<li class=\"elementor-icon-list-item\">\n\t\t\t\t\t\t\t\t\t\t\t<span class=\"elementor-icon-list-icon\">\n\t\t\t\t\t\t\t<i aria-hidden=\"true\" class=\"fas fa-angle-double-right\"><\/i>\t\t\t\t\t\t<\/span>\n\t\t\t\t\t\t\t\t\t\t<span class=\"elementor-icon-list-text\">COMPANHERISMO<\/span>\n\t\t\t\t\t\t\t\t\t<\/li>\n\t\t\t\t\t\t\t\t<li class=\"elementor-icon-list-item\">\n\t\t\t\t\t\t\t\t\t\t\t<span class=\"elementor-icon-list-icon\">\n\t\t\t\t\t\t\t<i aria-hidden=\"true\" class=\"fas fa-angle-double-right\"><\/i>\t\t\t\t\t\t<\/span>\n\t\t\t\t\t\t\t\t\t\t<span class=\"elementor-icon-list-text\">DETERMINA\u00c7\u00c3O<\/span>\n\t\t\t\t\t\t\t\t\t<\/li>\n\t\t\t\t\t\t\t\t<li class=\"elementor-icon-list-item\">\n\t\t\t\t\t\t\t\t\t\t\t<span class=\"elementor-icon-list-icon\">\n\t\t\t\t\t\t\t<i aria-hidden=\"true\" class=\"fas fa-angle-double-right\"><\/i>\t\t\t\t\t\t<\/span>\n\t\t\t\t\t\t\t\t\t\t<span class=\"elementor-icon-list-text\">F\u00c9<\/span>\n\t\t\t\t\t\t\t\t\t<\/li>\n\t\t\t\t\t\t\t\t<li class=\"elementor-icon-list-item\">\n\t\t\t\t\t\t\t\t\t\t\t<span class=\"elementor-icon-list-icon\">\n\t\t\t\t\t\t\t<i aria-hidden=\"true\" class=\"fas fa-angle-double-right\"><\/i>\t\t\t\t\t\t<\/span>\n\t\t\t\t\t\t\t\t\t\t<span class=\"elementor-icon-list-text\">INTEGRIDADE<\/span>\n\t\t\t\t\t\t\t\t\t<\/li>\n\t\t\t\t\t\t\t\t<li class=\"elementor-icon-list-item\">\n\t\t\t\t\t\t\t\t\t\t\t<span class=\"elementor-icon-list-icon\">\n\t\t\t\t\t\t\t<i aria-hidden=\"true\" class=\"fas fa-angle-double-right\"><\/i>\t\t\t\t\t\t<\/span>\n\t\t\t\t\t\t\t\t\t\t<span class=\"elementor-icon-list-text\">RESPONSABILIDADE<\/span>\n\t\t\t\t\t\t\t\t\t<\/li>\n\t\t\t\t\t\t<\/ul>\n\t\t\t\t<\/div>\n\t\t\t\t<\/div>\n\t\t\t\t\t<\/div>\n\t\t<\/div>\n\t\t\t\t\t\t\t<\/div>\n\t\t<\/section>\n\t\t\t\t<section class=\"elementor-section elementor-top-section elementor-element elementor-element-0d346e7 elementor-section-boxed elementor-section-height-default elementor-section-height-default\" data-id=\"0d346e7\" data-element_type=\"section\">\n\t\t\t\t\t\t<div class=\"elementor-container elementor-column-gap-default\">\n\t\t\t\t\t<div class=\"elementor-column elementor-col-100 elementor-top-column elementor-element elementor-element-1b5df57\" data-id=\"1b5df57\" data-element_type=\"column\">\n\t\t\t<div class=\"elementor-widget-wrap elementor-element-populated\">\n\t\t\t\t\t\t\t\t<div class=\"elementor-element elementor-element-46a5cca elementor-widget elementor-widget-spacer\" data-id=\"46a5cca\" data-element_type=\"widget\" data-widget_type=\"spacer.default\">\n\t\t\t\t<div class=\"elementor-widget-container\">\n\t\t\t\t\t<div class=\"elementor-spacer\">\n\t\t\t<div class=\"elementor-spacer-inner\"><\/div>\n\t\t<\/div>\n\t\t\t\t<\/div>\n\t\t\t\t<\/div>\n\t\t\t\t\t<\/div>\n\t\t<\/div>\n\t\t\t\t\t\t\t<\/div>\n\t\t<\/section>\n\t\t\t\t\t\t\t<\/div>\n\t\t","protected":false},"excerpt":{"rendered":"<p>Nosso Prop\u00f3sito Inspiramos e Orientamos para o Desenvolvimentode um Ecossistema Prospero Na Stagio, nossa conex\u00e3o est\u00e1 diretamente ligada a pessoas que buscam envolvimento e seguran\u00e7a.Partindo desse objetivo, n\u00f3s orientamos nossos clientes de maneira \u00fanica atrav\u00e9s de uma equipe humana, criativa, especializada, dedicada, com ampla experi\u00eancia na prote\u00e7\u00e3o e gest\u00e3o da propriedade intelectual no Brasil e [&hellip;]<\/p>\n","protected":false},"author":1,"featured_media":0,"parent":0,"menu_order":0,"comment_status":"closed","ping_status":"closed","template":"","meta":{"_mi_skip_tracking":false,"_exactmetrics_sitenote_active":false,"_exactmetrics_sitenote_note":"","_exactmetrics_sitenote_category":0,"_uf_show_specific_survey":0,"_uf_disable_surveys":false},"yoast_head":"<!-- This site is optimized with the Yoast SEO plugin v21.2 - https:\/\/yoast.com\/wordpress\/plugins\/seo\/ -->\n<title>Prop\u00f3sito - Stagio PI - Marcas e Patentes<\/title>\n<meta name=\"description\" content=\"Nosso Prop\u00f3sito na Stagio, est\u00e1 diretamente ligada na conex\u00e3o de pessoas que buscam envolvimento e seguran\u00e7a.\" \/>\n<meta name=\"robots\" content=\"index, follow, max-snippet:-1, max-image-preview:large, max-video-preview:-1\" \/>\n<link rel=\"canonical\" href=\"http:\/\/stagio.com.br\/old\/nosso-proposito\/\" \/>\n<meta property=\"og:locale\" content=\"pt_BR\" \/>\n<meta property=\"og:type\" content=\"article\" \/>\n<meta property=\"og:title\" content=\"Prop\u00f3sito - Stagio PI - Marcas e Patentes\" \/>\n<meta property=\"og:description\" content=\"Nosso Prop\u00f3sito na Stagio, est\u00e1 diretamente ligada na conex\u00e3o de pessoas que buscam envolvimento e seguran\u00e7a.\" \/>\n<meta property=\"og:url\" content=\"http:\/\/stagio.com.br\/old\/nosso-proposito\/\" \/>\n<meta property=\"og:site_name\" content=\"Stagio PI - Marcas e Patentes\" \/>\n<meta property=\"article:modified_time\" content=\"2023-05-25T01:20:48+00:00\" \/>\n<meta name=\"twitter:card\" content=\"summary_large_image\" \/>\n<meta name=\"twitter:label1\" content=\"Est. tempo de leitura\" \/>\n\t<meta name=\"twitter:data1\" content=\"1 minuto\" \/>\n<script type=\"application\/ld+json\" class=\"yoast-schema-graph\">{\"@context\":\"https:\/\/schema.org\",\"@graph\":[{\"@type\":\"WebPage\",\"@id\":\"http:\/\/stagio.com.br\/old\/nosso-proposito\/\",\"url\":\"http:\/\/stagio.com.br\/old\/nosso-proposito\/\",\"name\":\"Prop\u00f3sito - Stagio PI - Marcas e Patentes\",\"isPartOf\":{\"@id\":\"http:\/\/stagio.com.br\/old\/#website\"},\"datePublished\":\"2018-11-08T23:01:49+00:00\",\"dateModified\":\"2023-05-25T01:20:48+00:00\",\"description\":\"Nosso Prop\u00f3sito na Stagio, est\u00e1 diretamente ligada na conex\u00e3o de pessoas que buscam envolvimento e seguran\u00e7a.\",\"breadcrumb\":{\"@id\":\"http:\/\/stagio.com.br\/old\/nosso-proposito\/#breadcrumb\"},\"inLanguage\":\"pt-BR\",\"potentialAction\":[{\"@type\":\"ReadAction\",\"target\":[\"http:\/\/stagio.com.br\/old\/nosso-proposito\/\"]}]},{\"@type\":\"BreadcrumbList\",\"@id\":\"http:\/\/stagio.com.br\/old\/nosso-proposito\/#breadcrumb\",\"itemListElement\":[{\"@type\":\"ListItem\",\"position\":1,\"name\":\"In\u00edcio\",\"item\":\"http:\/\/stagio.com.br\/old\/\"},{\"@type\":\"ListItem\",\"position\":2,\"name\":\"Prop\u00f3sito\"}]},{\"@type\":\"WebSite\",\"@id\":\"http:\/\/stagio.com.br\/old\/#website\",\"url\":\"http:\/\/stagio.com.br\/old\/\",\"name\":\"Stagio Propriedade Itelectual\",\"description\":\"Transformamos ideias em riquezas\",\"publisher\":{\"@id\":\"http:\/\/stagio.com.br\/old\/#organization\"},\"potentialAction\":[{\"@type\":\"SearchAction\",\"target\":{\"@type\":\"EntryPoint\",\"urlTemplate\":\"http:\/\/stagio.com.br\/old\/?s={search_term_string}\"},\"query-input\":\"required name=search_term_string\"}],\"inLanguage\":\"pt-BR\"},{\"@type\":\"Organization\",\"@id\":\"http:\/\/stagio.com.br\/old\/#organization\",\"name\":\"Stagio Propriedade Intelectual\",\"url\":\"http:\/\/stagio.com.br\/old\/\",\"logo\":{\"@type\":\"ImageObject\",\"inLanguage\":\"pt-BR\",\"@id\":\"http:\/\/stagio.com.br\/old\/#\/schema\/logo\/image\/\",\"url\":\"http:\/\/stagio.com.br\/old\/wp-content\/uploads\/cropped-logo-stagio-01.png\",\"contentUrl\":\"http:\/\/stagio.com.br\/old\/wp-content\/uploads\/cropped-logo-stagio-01.png\",\"width\":1250,\"height\":500,\"caption\":\"Stagio Propriedade Intelectual\"},\"image\":{\"@id\":\"http:\/\/stagio.com.br\/old\/#\/schema\/logo\/image\/\"},\"sameAs\":[\"https:\/\/www.linkedin.com\/company\/stagio-propriedade-intelectual\/\"]}]}<\/script>\n<!-- \/ Yoast SEO plugin. -->","yoast_head_json":{"title":"Prop\u00f3sito - Stagio PI - Marcas e Patentes","description":"Nosso Prop\u00f3sito na Stagio, est\u00e1 diretamente ligada na conex\u00e3o de pessoas que buscam envolvimento e seguran\u00e7a.","robots":{"index":"index","follow":"follow","max-snippet":"max-snippet:-1","max-image-preview":"max-image-preview:large","max-video-preview":"max-video-preview:-1"},"canonical":"http:\/\/stagio.com.br\/old\/nosso-proposito\/","og_locale":"pt_BR","og_type":"article","og_title":"Prop\u00f3sito - Stagio PI - Marcas e Patentes","og_description":"Nosso Prop\u00f3sito na Stagio, est\u00e1 diretamente ligada na conex\u00e3o de pessoas que buscam envolvimento e seguran\u00e7a.","og_url":"http:\/\/stagio.com.br\/old\/nosso-proposito\/","og_site_name":"Stagio PI - Marcas e Patentes","article_modified_time":"2023-05-25T01:20:48+00:00","twitter_card":"summary_large_image","twitter_misc":{"Est. tempo de leitura":"1 minuto"},"schema":{"@context":"https:\/\/schema.org","@graph":[{"@type":"WebPage","@id":"http:\/\/stagio.com.br\/old\/nosso-proposito\/","url":"http:\/\/stagio.com.br\/old\/nosso-proposito\/","name":"Prop\u00f3sito - Stagio PI - Marcas e Patentes","isPartOf":{"@id":"http:\/\/stagio.com.br\/old\/#website"},"datePublished":"2018-11-08T23:01:49+00:00","dateModified":"2023-05-25T01:20:48+00:00","description":"Nosso Prop\u00f3sito na Stagio, est\u00e1 diretamente ligada na conex\u00e3o de pessoas que buscam envolvimento e seguran\u00e7a.","breadcrumb":{"@id":"http:\/\/stagio.com.br\/old\/nosso-proposito\/#breadcrumb"},"inLanguage":"pt-BR","potentialAction":[{"@type":"ReadAction","target":["http:\/\/stagio.com.br\/old\/nosso-proposito\/"]}]},{"@type":"BreadcrumbList","@id":"http:\/\/stagio.com.br\/old\/nosso-proposito\/#breadcrumb","itemListElement":[{"@type":"ListItem","position":1,"name":"In\u00edcio","item":"http:\/\/stagio.com.br\/old\/"},{"@type":"ListItem","position":2,"name":"Prop\u00f3sito"}]},{"@type":"WebSite","@id":"http:\/\/stagio.com.br\/old\/#website","url":"http:\/\/stagio.com.br\/old\/","name":"Stagio Propriedade Itelectual","description":"Transformamos ideias em riquezas","publisher":{"@id":"http:\/\/stagio.com.br\/old\/#organization"},"potentialAction":[{"@type":"SearchAction","target":{"@type":"EntryPoint","urlTemplate":"http:\/\/stagio.com.br\/old\/?s={search_term_string}"},"query-input":"required name=search_term_string"}],"inLanguage":"pt-BR"},{"@type":"Organization","@id":"http:\/\/stagio.com.br\/old\/#organization","name":"Stagio Propriedade Intelectual","url":"http:\/\/stagio.com.br\/old\/","logo":{"@type":"ImageObject","inLanguage":"pt-BR","@id":"http:\/\/stagio.com.br\/old\/#\/schema\/logo\/image\/","url":"http:\/\/stagio.com.br\/old\/wp-content\/uploads\/cropped-logo-stagio-01.png","contentUrl":"http:\/\/stagio.com.br\/old\/wp-content\/uploads\/cropped-logo-stagio-01.png","width":1250,"height":500,"caption":"Stagio Propriedade Intelectual"},"image":{"@id":"http:\/\/stagio.com.br\/old\/#\/schema\/logo\/image\/"},"sameAs":["https:\/\/www.linkedin.com\/company\/stagio-propriedade-intelectual\/"]}]}},"_links":{"self":[{"href":"http:\/\/stagio.com.br\/old\/wp-json\/wp\/v2\/pages\/95"}],"collection":[{"href":"http:\/\/stagio.com.br\/old\/wp-json\/wp\/v2\/pages"}],"about":[{"href":"http:\/\/stagio.com.br\/old\/wp-json\/wp\/v2\/types\/page"}],"author":[{"embeddable":true,"href":"http:\/\/stagio.com.br\/old\/wp-json\/wp\/v2\/users\/1"}],"replies":[{"embeddable":true,"href":"http:\/\/stagio.com.br\/old\/wp-json\/wp\/v2\/comments?post=95"}],"version-history":[{"count":39,"href":"http:\/\/stagio.com.br\/old\/wp-json\/wp\/v2\/pages\/95\/revisions"}],"predecessor-version":[{"id":2569,"href":"http:\/\/stagio.com.br\/old\/wp-json\/wp\/v2\/pages\/95\/revisions\/2569"}],"wp:attachment":[{"href":"http:\/\/stagio.com.br\/old\/wp-json\/wp\/v2\/media?parent=95"}],"curies":[{"name":"wp","href":"https:\/\/api.w.org\/{rel}","templated":true}]}}